{"id":3189,"date":"2025-06-13T08:59:20","date_gmt":"2025-06-13T06:59:20","guid":{"rendered":"https:\/\/so-da.be\/a-propos-de-soda\/"},"modified":"2025-10-27T10:17:18","modified_gmt":"2025-10-27T09:17:18","slug":"a-propos-de-soda","status":"publish","type":"page","link":"https:\/\/www.so-da.be\/fr\/a-propos-de-soda\/","title":{"rendered":"\u00c0 propos de SODA"},"content":{"rendered":"\t\t<div data-elementor-type=\"wp-page\" data-elementor-id=\"3189\" class=\"elementor elementor-3189 elementor-1611\" data-elementor-post-type=\"page\">\n\t\t\t\t<div class=\"elementor-element elementor-element-e0dea24 e-flex e-con-boxed e-con e-parent\" data-id=\"e0dea24\" data-element_type=\"container\" data-e-type=\"container\">\n\t\t\t\t\t<div class=\"e-con-inner\">\n\t\t\t\t<div class=\"elementor-element elementor-element-41156d7 elementor-widget elementor-widget-jet-listing-dynamic-field\" data-id=\"41156d7\" data-element_type=\"widget\" data-e-type=\"widget\" data-widget_type=\"jet-listing-dynamic-field.default\">\n\t\t\t\t<div class=\"elementor-widget-container\">\n\t\t\t\t\t<div class=\"jet-listing jet-listing-dynamic-field display-inline\"><div class=\"jet-listing-dynamic-field__inline-wrap\"><div class=\"jet-listing-dynamic-field__content\" ><a href=\"https:\/\/www.so-da.be\/fr\/\">Page d'acceuill<\/a> \u00bb \u00c0 propos de SODA<\/div><\/div><\/div>\t\t\t\t<\/div>\n\t\t\t\t<\/div>\n\t\t\t\t\t<\/div>\n\t\t\t\t<\/div>\n\t\t<div class=\"elementor-element elementor-element-65ec7f4 e-flex e-con-boxed e-con e-parent\" data-id=\"65ec7f4\" data-element_type=\"container\" data-e-type=\"container\">\n\t\t\t\t\t<div class=\"e-con-inner\">\n\t\t<div class=\"elementor-element elementor-element-dcc3f59 e-con-full e-flex e-con e-child\" data-id=\"dcc3f59\" data-element_type=\"container\" data-e-type=\"container\" data-settings=\"{&quot;background_background&quot;:&quot;classic&quot;}\">\n\t\t\t\t<div class=\"elementor-element elementor-element-417615f elementor-widget elementor-widget-heading\" data-id=\"417615f\" data-element_type=\"widget\" data-e-type=\"widget\" data-widget_type=\"heading.default\">\n\t\t\t\t<div class=\"elementor-widget-container\">\n\t\t\t\t\t<h1 class=\"elementor-heading-title elementor-size-default\">\u00c0 propos de SODA<\/h1>\t\t\t\t<\/div>\n\t\t\t\t<\/div>\n\t\t\t\t<div class=\"elementor-element elementor-element-72c64bd elementor-widget elementor-widget-text-editor\" data-id=\"72c64bd\" data-element_type=\"widget\" data-e-type=\"widget\" data-widget_type=\"text-editor.default\">\n\t\t\t\t<div class=\"elementor-widget-container\">\n\t\t\t\t\t\t\t\t\t<p>Chez SODA, nous \u0153uvrons pour une soci\u00e9t\u00e9 \u00e9quitable et s\u00e9curis\u00e9e en d\u00e9veloppant des solutions innovantes \u00e0 l\u2019intersection du droit civil et du droit p\u00e9nal. Anim\u00e9s par nos valeurs d\u2019honn\u00eatet\u00e9 et de justice, nous croyons en la force du droit civil comme moyen de compenser les pr\u00e9judices et de favoriser la pr\u00e9vention.<\/p>\n\t\t\t\t\t\t\t\t<\/div>\n\t\t\t\t<\/div>\n\t\t\t\t<\/div>\n\t\t\t\t\t<\/div>\n\t\t\t\t<\/div>\n\t\t<div class=\"elementor-element elementor-element-4311d0d e-flex e-con-boxed e-con e-parent\" data-id=\"4311d0d\" data-element_type=\"container\" data-e-type=\"container\">\n\t\t\t\t\t<div class=\"e-con-inner\">\n\t\t<div class=\"elementor-element elementor-element-68a2a2e e-con-full e-flex e-con e-child\" data-id=\"68a2a2e\" data-element_type=\"container\" data-e-type=\"container\">\n\t\t\t\t<div class=\"elementor-element elementor-element-fbb67fa elementor-widget elementor-widget-heading\" data-id=\"fbb67fa\" data-element_type=\"widget\" data-e-type=\"widget\" data-widget_type=\"heading.default\">\n\t\t\t\t<div class=\"elementor-widget-container\">\n\t\t\t\t\t<h2 class=\"elementor-heading-title elementor-size-default\">Notre expertise<\/h2>\t\t\t\t<\/div>\n\t\t\t\t<\/div>\n\t\t\t\t<div class=\"elementor-element elementor-element-fff992d elementor-widget elementor-widget-text-editor\" data-id=\"fff992d\" data-element_type=\"widget\" data-e-type=\"widget\" data-widget_type=\"text-editor.default\">\n\t\t\t\t<div class=\"elementor-widget-container\">\n\t\t\t\t\t\t\t\t\t<p>SODA d\u00e9veloppe des solutions compl\u00e8tes pour la r\u00e9paration et la pr\u00e9vention des dommages. Nous sommes actifs \u00e0 l\u2019international et sp\u00e9cialis\u00e9s dans le vol \u00e0 l\u2019\u00e9talage, le vol de carburant et la fraude \u00e0 l\u2019assurance. Nous d\u00e9tectons les tendances \u00e0 un stade pr\u00e9coce et \u00e9laborons des solutions int\u00e9gr\u00e9es \u00e0 l\u2019\u00e9chelle internationale, en collaboration avec les autorit\u00e9s publiques et le secteur priv\u00e9. Nous innovons en perfectionnant les services existants et en cr\u00e9ant de nouvelles offres pour d\u2019autres march\u00e9s.<\/p>\n<p>Nous croyons que la sensibilisation et la pr\u00e9vention contribuent \u00e0 une soci\u00e9t\u00e9 \u00e9quitable et s\u00e9curis\u00e9e.<\/p>\n\t\t\t\t\t\t\t\t<\/div>\n\t\t\t\t<\/div>\n\t\t\t\t<\/div>\n\t\t<div class=\"elementor-element elementor-element-99691b3 e-con-full e-flex e-con e-child\" data-id=\"99691b3\" data-element_type=\"container\" data-e-type=\"container\">\n\t\t\t\t<div class=\"elementor-element elementor-element-1cec48f elementor-widget elementor-widget-image\" data-id=\"1cec48f\" data-element_type=\"widget\" data-e-type=\"widget\" data-widget_type=\"image.default\">\n\t\t\t\t<div class=\"elementor-widget-container\">\n\t\t\t\t\t\t\t\t\t\t\t\t\t\t\t<img fetchpriority=\"high\" decoding=\"async\" width=\"500\" height=\"350\" src=\"https:\/\/www.so-da.be\/wp-content\/uploads\/2025\/08\/BWD-politie-1.jpg\" class=\"attachment-large size-large wp-image-3057\" alt=\"\" srcset=\"https:\/\/www.so-da.be\/wp-content\/uploads\/2025\/08\/BWD-politie-1.jpg 500w, https:\/\/www.so-da.be\/wp-content\/uploads\/2025\/08\/BWD-politie-1-300x210.jpg 300w\" sizes=\"(max-width: 500px) 100vw, 500px\" \/>\t\t\t\t\t\t\t\t\t\t\t\t\t\t\t<\/div>\n\t\t\t\t<\/div>\n\t\t\t\t<\/div>\n\t\t\t\t\t<\/div>\n\t\t\t\t<\/div>\n\t\t<div class=\"elementor-element elementor-element-48d3435 e-flex e-con-boxed e-con e-parent\" data-id=\"48d3435\" data-element_type=\"container\" data-e-type=\"container\">\n\t\t\t\t\t<div class=\"e-con-inner\">\n\t\t<div class=\"elementor-element elementor-element-4eb7a9f e-con-full e-flex e-con e-child\" data-id=\"4eb7a9f\" data-element_type=\"container\" data-e-type=\"container\" data-settings=\"{&quot;background_background&quot;:&quot;classic&quot;}\">\n\t\t\t\t<div class=\"elementor-element elementor-element-6dc636d elementor-widget elementor-widget-heading\" data-id=\"6dc636d\" data-element_type=\"widget\" data-e-type=\"widget\" data-widget_type=\"heading.default\">\n\t\t\t\t<div class=\"elementor-widget-container\">\n\t\t\t\t\t<h2 class=\"elementor-heading-title elementor-size-default\">L\u2019\u00e9quipe<\/h2>\t\t\t\t<\/div>\n\t\t\t\t<\/div>\n\t\t\t\t<div class=\"elementor-element elementor-element-b64d9b2 elementor-widget elementor-widget-text-editor\" data-id=\"b64d9b2\" data-element_type=\"widget\" data-e-type=\"widget\" data-widget_type=\"text-editor.default\">\n\t\t\t\t<div class=\"elementor-widget-container\">\n\t\t\t\t\t\t\t\t\t<p>L\u2019\u00e9quipe de SODA compte environ 25 collaborateurs, chacun avec son propre parcours et ses talents. Nous r\u00e9unissons des personnes ayant une exp\u00e9rience dans le commerce de d\u00e9tail, l\u2019administration, la comptabilit\u00e9, la police, l\u2019informatique et la criminologie. Gr\u00e2ce \u00e0 cette diversit\u00e9, SODA dispose d\u2019un large \u00e9ventail de connaissances sp\u00e9cialis\u00e9es et de comp\u00e9tences.<\/p>\n\t\t\t\t\t\t\t\t<\/div>\n\t\t\t\t<\/div>\n\t\t\t\t<\/div>\n\t\t\t\t\t<\/div>\n\t\t\t\t<\/div>\n\t\t\t\t<\/div>\n\t\t","protected":false},"excerpt":{"rendered":"<p>Page d&rsquo;acceuill \u00bb Over soda \u00c0 propos de SODA Chez SODA, nous \u0153uvrons pour une soci\u00e9t\u00e9 \u00e9quitable et s\u00e9curis\u00e9e en d\u00e9veloppant des solutions innovantes \u00e0 l\u2019intersection du droit civil et du droit p\u00e9nal. Anim\u00e9s par nos valeurs d\u2019honn\u00eatet\u00e9 et de justice, nous croyons en la force du droit civil comme moyen de compenser les pr\u00e9judices [&hellip;]<\/p>\n","protected":false},"author":1,"featured_media":0,"parent":0,"menu_order":0,"comment_status":"closed","ping_status":"closed","template":"elementor_header_footer","meta":{"footnotes":""},"class_list":["post-3189","page","type-page","status-publish","hentry"],"_links":{"self":[{"href":"https:\/\/www.so-da.be\/fr\/wp-json\/wp\/v2\/pages\/3189","targetHints":{"allow":["GET"]}}],"collection":[{"href":"https:\/\/www.so-da.be\/fr\/wp-json\/wp\/v2\/pages"}],"about":[{"href":"https:\/\/www.so-da.be\/fr\/wp-json\/wp\/v2\/types\/page"}],"author":[{"embeddable":true,"href":"https:\/\/www.so-da.be\/fr\/wp-json\/wp\/v2\/users\/1"}],"replies":[{"embeddable":true,"href":"https:\/\/www.so-da.be\/fr\/wp-json\/wp\/v2\/comments?post=3189"}],"version-history":[{"count":8,"href":"https:\/\/www.so-da.be\/fr\/wp-json\/wp\/v2\/pages\/3189\/revisions"}],"predecessor-version":[{"id":3295,"href":"https:\/\/www.so-da.be\/fr\/wp-json\/wp\/v2\/pages\/3189\/revisions\/3295"}],"wp:attachment":[{"href":"https:\/\/www.so-da.be\/fr\/wp-json\/wp\/v2\/media?parent=3189"}],"curies":[{"name":"wp","href":"https:\/\/api.w.org\/{rel}","templated":true}]}}